{"id":220,"date":"2020-12-04T16:02:19","date_gmt":"2020-12-04T13:02:19","guid":{"rendered":"https:\/\/demo.kanthemes.com.tr\/kanews\/?page_id=220"},"modified":"2025-03-16T12:36:41","modified_gmt":"2025-03-16T09:36:41","slug":"kripto-para-piyasalari","status":"publish","type":"page","link":"https:\/\/internethaberi.com\/index.php\/kripto-para-piyasalari\/","title":{"rendered":"Kripto Para Piyasalar\u0131"},"content":{"rendered":"<div class=\"accordion\" id=\"custom-collapse-0\" role=\"tablist\" aria-multiselectable=\"true\"><br \/><div class=\"collapse-item\">\n    <div class=\"collapse-item-header\">\n      <button class=\"collapse-btn \" data-toggle=\"collapse\" data-parent=\"#custom-collapse-0\" href=\"#custom-collapse-0-0\">\n        <h3>\n          Kripto Para TV\n        <\/h3>\n      <\/button>\n      <\/div>\n      <div id=\"custom-collapse-0-0\" class=\"collapse in\">\n        <div class=\"collapse-item-body\"><\/p>\n<p data-start=\"29\" data-end=\"328\">Kripto Para TV, kripto para piyasalar\u0131, blokzincir teknolojisi ve dijital varl\u0131klarla ilgili en g\u00fcncel haberleri, analizleri ve r\u00f6portajlar\u0131 sunan bir medya platformudur. Bu platform, kripto para yat\u0131r\u0131mc\u0131lar\u0131, geli\u015ftiricileri, sekt\u00f6r uzmanlar\u0131 ve teknoloji merakl\u0131lar\u0131 i\u00e7in \u00f6zel i\u00e7erikler \u00fcretir.<\/p>\n<p data-start=\"330\" data-end=\"377\"><strong data-start=\"330\" data-end=\"375\">Kripto Para TV\u2019nin \u00d6ne \u00c7\u0131kan \u00d6zellikleri:<\/strong><\/p>\n<ul data-start=\"378\" data-end=\"908\">\n<li data-start=\"378\" data-end=\"478\"><strong data-start=\"380\" data-end=\"400\">G\u00fcncel Haberler:<\/strong> Bitcoin, Ethereum ve di\u011fer altcoinlerle ilgili en son geli\u015fmeleri payla\u015f\u0131r.<\/li>\n<li data-start=\"479\" data-end=\"573\"><strong data-start=\"481\" data-end=\"504\">Analiz ve Yorumlar:<\/strong> Piyasa trendleri, teknik analizler ve uzman g\u00f6r\u00fc\u015flerine yer verir.<\/li>\n<li data-start=\"574\" data-end=\"669\"><strong data-start=\"576\" data-end=\"592\">R\u00f6portajlar:<\/strong> Sekt\u00f6r liderleri, yat\u0131r\u0131mc\u0131lar ve geli\u015ftiricilerle \u00f6zel r\u00f6portajlar yapar.<\/li>\n<li data-start=\"670\" data-end=\"803\"><strong data-start=\"672\" data-end=\"694\">E\u011fitim \u0130\u00e7erikleri:<\/strong> Yeni yat\u0131r\u0131mc\u0131lar ve blokzincir teknolojisini \u00f6\u011frenmek isteyenler i\u00e7in rehber videolar ve makaleler sunar.<\/li>\n<li data-start=\"804\" data-end=\"908\"><strong data-start=\"806\" data-end=\"825\">Canl\u0131 Yay\u0131nlar:<\/strong> \u00d6nemli piyasa hareketleri ve geli\u015fmelerle ilgili canl\u0131 analizler ger\u00e7ekle\u015ftirir.<\/li>\n<\/ul>\n<p data-start=\"910\" data-end=\"1088\" data-is-last-node=\"\" data-is-only-node=\"\">Kripto Para TV, hem yeni ba\u015flayanlar hem de profesyonel yat\u0131r\u0131mc\u0131lar i\u00e7in de\u011ferli bilgiler sunarak, kripto ekosistemindeki en g\u00fcvenilir bilgi kaynaklar\u0131ndan biri olmay\u0131 hedefler.<\/p>\n<p><\/div>\n      <\/div>\n    <\/div><br \/><div class=\"collapse-item\">\n    <div class=\"collapse-item-header\">\n      <button class=\"collapse-btn collapsed\" data-toggle=\"collapse\" data-parent=\"#custom-collapse-0\" href=\"#custom-collapse-0-1\">\n        <h3>\n          NFT Nedir?\n        <\/h3>\n      <\/button>\n      <\/div>\n      <div id=\"custom-collapse-0-1\" class=\"collapse\">\n        <div class=\"collapse-item-body\"><\/p>\n<p data-start=\"22\" data-end=\"365\"><strong data-start=\"22\" data-end=\"73\">NFT (Non-Fungible Token &#8211; De\u011fi\u015ftirilemez Token)<\/strong>, blockchain teknolojisi \u00fczerine in\u015fa edilmi\u015f, benzersiz ve takas edilemez dijital varl\u0131klard\u0131r. Bir NFT, bir sanat eseri, koleksiyon \u00f6\u011fesi, m\u00fczik, video veya sanal bir m\u00fclk gibi herhangi bir dijital \u00f6\u011fenin sahipli\u011fini ve orijinalli\u011fini blockchain \u00fczerinde do\u011frulayan bir sertifika gibidir.<\/p>\n<hr data-start=\"367\" data-end=\"370\" \/>\n<h3 data-start=\"372\" data-end=\"408\"><strong data-start=\"376\" data-end=\"406\">NFT\u2019nin Temel \u00d6zellikleri:<\/strong><\/h3>\n<p data-start=\"409\" data-end=\"794\"><strong data-start=\"412\" data-end=\"429\">Benzersizdir:<\/strong> Her NFT, blokzincir \u00fczerinde \u00f6zel bir kimli\u011fe sahiptir ve taklit edilemez.<br data-start=\"504\" data-end=\"507\" \/><strong data-start=\"510\" data-end=\"536\">Blokzincirde Saklan\u0131r:<\/strong> Ethereum, Solana, Polygon gibi blockchain a\u011flar\u0131nda kay\u0131tl\u0131d\u0131r.<br data-start=\"600\" data-end=\"603\" \/><strong data-start=\"606\" data-end=\"623\">B\u00f6l\u00fcnemezdir:<\/strong> Bir NFT, Bitcoin veya Ethereum gibi par\u00e7alara b\u00f6l\u00fcnerek sat\u0131lamaz.<br data-start=\"690\" data-end=\"693\" \/><strong data-start=\"696\" data-end=\"719\">Sahipli\u011fi Kan\u0131tlar:<\/strong> NFT&#8217;ler, dijital varl\u0131klar\u0131n ger\u00e7ek sahibini belirlemek i\u00e7in kullan\u0131l\u0131r.<\/p>\n<hr data-start=\"796\" data-end=\"799\" \/>\n<h3 data-start=\"801\" data-end=\"829\"><strong data-start=\"805\" data-end=\"827\">NFT Nas\u0131l \u00c7al\u0131\u015f\u0131r?<\/strong><\/h3>\n<p data-start=\"830\" data-end=\"1172\">1\ufe0f\u20e3 <strong data-start=\"834\" data-end=\"858\">Olu\u015fturma (Minting):<\/strong> Sanat\u00e7\u0131lar veya i\u00e7erik \u00fcreticileri dijital eserlerini NFT olarak blockchain \u00fczerine kaydeder.<br data-start=\"952\" data-end=\"955\" \/>2\ufe0f\u20e3 <strong data-start=\"959\" data-end=\"976\">Sat\u0131\u015f &amp; Al\u0131m:<\/strong> NFT&#8217;ler, OpenSea, Rarible gibi NFT pazar yerlerinde al\u0131n\u0131p sat\u0131labilir.<br data-start=\"1048\" data-end=\"1051\" \/>3\ufe0f\u20e3 <strong data-start=\"1055\" data-end=\"1078\">Sahiplik Transferi:<\/strong> Sat\u0131n al\u0131nd\u0131\u011f\u0131nda, NFT yeni sahibinin c\u00fczdan\u0131na ge\u00e7er ve blockchain \u00fczerinde kay\u0131tl\u0131 kal\u0131r.<\/p>\n<hr data-start=\"1174\" data-end=\"1177\" \/>\n<h3 data-start=\"1179\" data-end=\"1210\"><strong data-start=\"1183\" data-end=\"1208\">NFT Kullan\u0131m Alanlar\u0131<\/strong><\/h3>\n<p data-start=\"1211\" data-end=\"1628\"><strong data-start=\"1214\" data-end=\"1232\">Dijital Sanat:<\/strong> Sanat\u00e7\u0131lar eserlerini NFT olarak sat\u0131p do\u011frudan gelir elde edebilir.<br data-start=\"1301\" data-end=\"1304\" \/><strong data-start=\"1307\" data-end=\"1317\">M\u00fczik:<\/strong> M\u00fczisyenler \u015fark\u0131lar\u0131n\u0131 NFT olarak satarak gelir payla\u015f\u0131m\u0131n\u0131 kontrol edebilir.<br data-start=\"1396\" data-end=\"1399\" \/><strong data-start=\"1402\" data-end=\"1428\">Spor ve Koleksiyonlar:<\/strong> NBA Top Shot gibi platformlar, dijital spor an\u0131lar\u0131n\u0131 NFT olarak sunar.<br data-start=\"1500\" data-end=\"1503\" \/><strong data-start=\"1506\" data-end=\"1533\">Sanal Arazi ve Oyunlar:<\/strong> Decentraland, The Sandbox gibi metaverse projelerinde sanal araziler NFT olarak sat\u0131labilir.<\/p>\n<p data-start=\"1630\" data-end=\"1762\" data-is-last-node=\"\" data-is-only-node=\"\">NFT\u2019ler, dijital d\u00fcnyada m\u00fclkiyet kavram\u0131n\u0131 de\u011fi\u015ftirerek sanat\u00e7\u0131lar, yat\u0131r\u0131mc\u0131lar ve koleksiyonerler i\u00e7in yeni f\u0131rsatlar sunuyor.\u00a0<\/p>\n<p><\/div>\n      <\/div>\n    <\/div><br \/><div class=\"collapse-item\">\n    <div class=\"collapse-item-header\">\n      <button class=\"collapse-btn collapsed\" data-toggle=\"collapse\" data-parent=\"#custom-collapse-0\" href=\"#custom-collapse-0-2\">\n        <h3>\n          Blockchain Nedir?\n        <\/h3>\n      <\/button>\n      <\/div>\n      <div id=\"custom-collapse-0-2\" class=\"collapse\">\n        <div class=\"collapse-item-body\"><\/p>\n<div class=\"flex max-w-full flex-col flex-grow\">\n<div class=\"min-h-8 text-message relative flex w-full flex-col items-end gap-2 whitespace-normal break-words text-start &#091;.text-message+&amp;&#093;:mt-5\" dir=\"auto\" data-message-author-role=\"assistant\" data-message-id=\"37881dba-4240-461a-b628-f93754f9d0f3\" data-message-model-slug=\"gpt-4o\">\n<div class=\"flex w-full flex-col gap-1 empty:hidden first:pt-&#091;3px&#093;\">\n<div class=\"markdown prose w-full break-words dark:prose-invert light\">\n<p data-start=\"29\" data-end=\"341\">Blockchain (blokzincir), dijital verilerin g\u00fcvenli, \u015feffaf ve merkeziyetsiz bir \u015fekilde saklanmas\u0131n\u0131 sa\u011flayan bir kay\u0131t teknolojisidir. Temelde, birbiriyle ba\u011flant\u0131l\u0131 bloklardan olu\u015fan bir zincir olarak d\u00fc\u015f\u00fcn\u00fclebilir. Her blok, belirli bir veri k\u00fcmesini i\u00e7erir ve bir \u00f6nceki blo\u011fa kriptografik olarak ba\u011flan\u0131r.<\/p>\n<h3 data-start=\"343\" data-end=\"385\"><strong data-start=\"347\" data-end=\"383\">Blockchain\u2019in Temel \u00d6zellikleri:<\/strong><\/h3>\n<p data-start=\"386\" data-end=\"872\"><strong data-start=\"388\" data-end=\"422\">Merkeziyetsiz (Decentralized):<\/strong> Veriler, merkezi bir otorite yerine, bir\u00e7ok farkl\u0131 bilgisayar (node) taraf\u0131ndan saklan\u0131r ve do\u011frulan\u0131r.<br data-start=\"526\" data-end=\"529\" \/><strong data-start=\"531\" data-end=\"562\">De\u011fi\u015ftirilemez (Immutable):<\/strong> Bir blok olu\u015fturulduktan sonra geriye d\u00f6n\u00fck olarak de\u011fi\u015ftirilmesi \u00e7ok zordur, bu da sahtecili\u011fi \u00f6nler.<br data-start=\"665\" data-end=\"668\" \/><strong data-start=\"670\" data-end=\"695\">\u015eeffaf (Transparent):<\/strong> Blockchain a\u011f\u0131na ba\u011fl\u0131 herkes i\u015flemleri do\u011frulayabilir ve izleyebilir.<br data-start=\"766\" data-end=\"769\" \/><strong data-start=\"771\" data-end=\"792\" data-is-only-node=\"\">G\u00fcvenli (Secure):<\/strong> Kriptografi ile korunur, b\u00f6ylece k\u00f6t\u00fc niyetli sald\u0131r\u0131lara kar\u015f\u0131 dayan\u0131kl\u0131d\u0131r.<\/p>\n<h3 data-start=\"874\" data-end=\"909\"><strong data-start=\"878\" data-end=\"907\">Blockchain Nas\u0131l \u00c7al\u0131\u015f\u0131r?<\/strong><\/h3>\n<p data-start=\"910\" data-end=\"1367\">1\ufe0f\u20e3 <strong data-start=\"914\" data-end=\"936\">\u0130\u015flem Ger\u00e7ekle\u015fir:<\/strong> Bir kullan\u0131c\u0131 a\u011fda bir i\u015flem yapar (\u00f6rne\u011fin, birine Bitcoin g\u00f6nderir).<br data-start=\"1007\" data-end=\"1010\" \/>2\ufe0f\u20e3 <strong data-start=\"1014\" data-end=\"1035\">\u0130\u015flem Do\u011frulan\u0131r:<\/strong> A\u011fdaki bilgisayarlar (node\u2019lar) i\u015flemi do\u011frular.<br data-start=\"1084\" data-end=\"1087\" \/>3\ufe0f\u20e3 <strong data-start=\"1091\" data-end=\"1112\">Blok Olu\u015fturulur:<\/strong> Do\u011frulanan i\u015flem, di\u011fer i\u015flemlerle birlikte bir blok olu\u015fturur.<br data-start=\"1176\" data-end=\"1179\" \/>4\ufe0f\u20e3 <strong data-start=\"1183\" data-end=\"1208\" data-is-only-node=\"\">Blok Zincire Eklenir:<\/strong> Blok, \u00f6nceki bloklara ba\u011flanarak zincire eklenir.<br data-start=\"1258\" data-end=\"1261\" \/>5\ufe0f\u20e3 <strong data-start=\"1265\" data-end=\"1286\">\u0130\u015flem Tamamlan\u0131r:<\/strong> Yeni blok eklendi\u011finde, i\u015flem blockchain a\u011f\u0131na kal\u0131c\u0131 olarak kaydedilmi\u015f olur.<\/p>\n<h3 data-start=\"1369\" data-end=\"1410\"><strong data-start=\"1373\" data-end=\"1408\">Blockchain\u2019in Kullan\u0131m Alanlar\u0131<\/strong><\/h3>\n<p data-start=\"1411\" data-end=\"1919\"><strong data-start=\"1414\" data-end=\"1433\">Kripto Paralar:<\/strong> Bitcoin, Ethereum gibi dijital para birimlerinin altyap\u0131s\u0131n\u0131 olu\u015fturur.<br data-start=\"1505\" data-end=\"1508\" \/><strong data-start=\"1511\" data-end=\"1551\">Ak\u0131ll\u0131 Kontratlar (Smart Contracts):<\/strong> Otomatik s\u00f6zle\u015fmeler ile finans, hukuk ve sigorta alanlar\u0131nda kullan\u0131l\u0131r.<br data-start=\"1625\" data-end=\"1628\" \/><strong data-start=\"1631\" data-end=\"1660\">Tedarik Zinciri Y\u00f6netimi:<\/strong> \u00dcr\u00fcnlerin \u00fcretimden t\u00fcketiciye kadar izlenmesini sa\u011flar.<br data-start=\"1717\" data-end=\"1720\" \/><strong data-start=\"1723\" data-end=\"1742\" data-is-only-node=\"\">Sa\u011fl\u0131k Sekt\u00f6r\u00fc:<\/strong> Hasta verilerinin g\u00fcvenli \u015fekilde saklanmas\u0131n\u0131 ve payla\u015f\u0131lmas\u0131n\u0131 sa\u011flar.<br data-start=\"1815\" data-end=\"1818\" \/><strong data-start=\"1822\" data-end=\"1847\">NFT ve Dijital Sanat:<\/strong> Benzersiz dijital varl\u0131klar\u0131n sahipli\u011fini do\u011frulamak i\u00e7in kullan\u0131l\u0131r.<\/p>\n<p data-start=\"1921\" data-end=\"2036\" data-is-last-node=\"\" data-is-only-node=\"\">Blockchain teknolojisi, gelecekte finans, ticaret, g\u00fcvenlik ve daha bir\u00e7ok alanda devrim yaratmaya devam edecek.\u00a0<\/p>\n<\/div>\n<\/div>\n<\/div>\n<\/div>\n<p><\/div>\n      <\/div>\n    <\/div><br \/><\/div>\n\n\n<blockquote class=\"wp-block-quote is-layout-flow wp-block-quote-is-layout-flow\">\n<p>&#8220;Yat\u0131r\u0131m yapmay\u0131 asla b\u0131rakma. Geli\u015fmeyi asla b\u0131rakma. Yeni bir \u015feyler yapmay\u0131 asla b\u0131rakma.&#8221;<\/p>\n<cite>Herbokolog<\/cite><\/blockquote>\n","protected":false},"excerpt":{"rendered":"<p>&#8220;Yat\u0131r\u0131m yapmay\u0131 asla b\u0131rakma. Geli\u015fmeyi asla b\u0131rakma. Yeni bir \u015feyler yapmay\u0131 asla b\u0131rakma.&#8221; Herbokolog<\/p>\n","protected":false},"author":1,"featured_media":0,"parent":0,"menu_order":0,"comment_status":"open","ping_status":"closed","template":"inc\/cryptocurrencies.php","meta":{"footnotes":""},"class_list":["post-220","page","type-page","status-publish","hentry"],"_links":{"self":[{"href":"https:\/\/internethaberi.com\/index.php\/wp-json\/wp\/v2\/pages\/220","targetHints":{"allow":["GET"]}}],"collection":[{"href":"https:\/\/internethaberi.com\/index.php\/wp-json\/wp\/v2\/pages"}],"about":[{"href":"https:\/\/internethaberi.com\/index.php\/wp-json\/wp\/v2\/types\/page"}],"author":[{"embeddable":true,"href":"https:\/\/internethaberi.com\/index.php\/wp-json\/wp\/v2\/users\/1"}],"replies":[{"embeddable":true,"href":"https:\/\/internethaberi.com\/index.php\/wp-json\/wp\/v2\/comments?post=220"}],"version-history":[{"count":3,"href":"https:\/\/internethaberi.com\/index.php\/wp-json\/wp\/v2\/pages\/220\/revisions"}],"predecessor-version":[{"id":1547,"href":"https:\/\/internethaberi.com\/index.php\/wp-json\/wp\/v2\/pages\/220\/revisions\/1547"}],"wp:attachment":[{"href":"https:\/\/internethaberi.com\/index.php\/wp-json\/wp\/v2\/media?parent=220"}],"curies":[{"name":"wp","href":"https:\/\/api.w.org\/{rel}","templated":true}]}}